{"id":2616,"date":"2024-10-03T11:20:54","date_gmt":"2024-10-03T09:20:54","guid":{"rendered":"https:\/\/www.vemastamp.it\/branchen\/"},"modified":"2024-10-21T11:22:45","modified_gmt":"2024-10-21T09:22:45","slug":"branchen","status":"publish","type":"page","link":"https:\/\/www.vemastamp.it\/de\/branchen\/","title":{"rendered":"Branchen"},"content":{"rendered":"\t\t<div data-elementor-type=\"wp-page\" data-elementor-id=\"2616\" class=\"elementor elementor-2616 elementor-1358\" data-elementor-settings=\"{&quot;ha_cmc_init_switcher&quot;:&quot;no&quot;}\" data-elementor-post-type=\"page\">\n\t\t\t\t<div class=\"elementor-element elementor-element-2e77ab9 e-flex e-con-boxed elementor-invisible e-con e-parent\" data-id=\"2e77ab9\" data-element_type=\"container\" data-settings=\"{&quot;animation&quot;:&quot;zoomIn&quot;,&quot;_ha_eqh_enable&quot;:false}\">\n\t\t\t\t\t<div class=\"e-con-inner\">\n\t\t\t\t<div class=\"elementor-element elementor-element-c4e9c7d elementor-widget__width-inherit size-50 elementor-widget elementor-widget-heading\" data-id=\"c4e9c7d\" data-element_type=\"widget\" data-widget_type=\"heading.default\">\n\t\t\t\t<div class=\"elementor-widget-container\">\n\t\t\t\t\t<h1 class=\"elementor-heading-title elementor-size-default\">EXZELLENZBEREICHE<\/h1>\t\t\t\t<\/div>\n\t\t\t\t<\/div>\n\t\t\t\t<div class=\"elementor-element elementor-element-dd34f21 elementor-widget__width-initial elementor-widget elementor-widget-text-editor\" data-id=\"dd34f21\" data-element_type=\"widget\" data-widget_type=\"text-editor.default\">\n\t\t\t\t<div class=\"elementor-widget-container\">\n\t\t\t\t\t\t\t\t\t<p>Durch die in verschiedenen Sektoren gesammelte Erfahrung und die zur Verf\u00fcgung stehende Ausr\u00fcstung ist VEMA in der Lage, das Projekt vom digitalen Prototyping \u00fcber die Entwicklung der Form bis hin zum Kaltpressen des fertigen Teils zu begleiten.<\/p>\n\t\t\t\t\t\t\t\t<\/div>\n\t\t\t\t<\/div>\n\t\t\t\t\t<\/div>\n\t\t\t\t<\/div>\n\t\t<div class=\"elementor-element elementor-element-fab4bdf e-grid e-con-boxed e-con e-parent\" data-id=\"fab4bdf\" data-element_type=\"container\" data-settings=\"{&quot;_ha_eqh_enable&quot;:false}\">\n\t\t\t\t\t<div class=\"e-con-inner\">\n\t\t<div class=\"elementor-element elementor-element-d5658c9 e-con-full col-settori e-flex elementor-invisible e-con e-child\" data-id=\"d5658c9\" data-element_type=\"container\" data-settings=\"{&quot;background_background&quot;:&quot;classic&quot;,&quot;animation&quot;:&quot;zoomIn&quot;,&quot;_ha_eqh_enable&quot;:false}\">\n\t\t\t\t<div class=\"elementor-element elementor-element-3bec61c elementor-widget elementor-widget-image\" data-id=\"3bec61c\" data-element_type=\"widget\" data-widget_type=\"image.default\">\n\t\t\t\t<div class=\"elementor-widget-container\">\n\t\t\t\t\t\t\t\t\t\t\t\t\t\t\t<img fetchpriority=\"high\" decoding=\"async\" width=\"800\" height=\"533\" src=\"https:\/\/www.vemastamp.it\/wp-content\/uploads\/2024\/10\/vemastamp-automotive.jpg\" class=\"attachment-large size-large wp-image-2365\" alt=\"\" srcset=\"https:\/\/www.vemastamp.it\/wp-content\/uploads\/2024\/10\/vemastamp-automotive.jpg 800w, https:\/\/www.vemastamp.it\/wp-content\/uploads\/2024\/10\/vemastamp-automotive-300x200.jpg 300w, https:\/\/www.vemastamp.it\/wp-content\/uploads\/2024\/10\/vemastamp-automotive-768x512.jpg 768w\" sizes=\"(max-width: 800px) 100vw, 800px\" \/>\t\t\t\t\t\t\t\t\t\t\t\t\t\t\t<\/div>\n\t\t\t\t<\/div>\n\t\t<div class=\"elementor-element elementor-element-eb4bb91 e-con-full e-flex e-con e-child\" data-id=\"eb4bb91\" data-element_type=\"container\" data-settings=\"{&quot;_ha_eqh_enable&quot;:false}\">\n\t\t\t\t<div class=\"elementor-element elementor-element-132ab28 size-32 elementor-widget elementor-widget-heading\" data-id=\"132ab28\" data-element_type=\"widget\" data-widget_type=\"heading.default\">\n\t\t\t\t<div class=\"elementor-widget-container\">\n\t\t\t\t\t<h2 class=\"elementor-heading-title elementor-size-default\">AUTOMOBILINDUSTRIE<\/h2>\t\t\t\t<\/div>\n\t\t\t\t<\/div>\n\t\t\t\t<div class=\"elementor-element elementor-element-56f2320 elementor-widget elementor-widget-text-editor\" data-id=\"56f2320\" data-element_type=\"widget\" data-widget_type=\"text-editor.default\">\n\t\t\t\t<div class=\"elementor-widget-container\">\n\t\t\t\t\t\t\t\t\t<p>Wir liefern Pr\u00e4zisionskomponenten und innovative L\u00f6sungen f\u00fcr die Automobilindustrie, die Qualit\u00e4t und Zuverl\u00e4ssigkeit garantieren.<\/p>\n\t\t\t\t\t\t\t\t<\/div>\n\t\t\t\t<\/div>\n\t\t\t\t<div class=\"elementor-element elementor-element-21f0f98e elementor-widget elementor-widget-button\" data-id=\"21f0f98e\" data-element_type=\"widget\" data-widget_type=\"button.default\">\n\t\t\t\t<div class=\"elementor-widget-container\">\n\t\t\t\t\t\t\t\t\t<div class=\"elementor-button-wrapper\">\n\t\t\t\t\t<a class=\"elementor-button elementor-button-link elementor-size-sm\" href=\"https:\/\/www.vemastamp.it\/contatti\/\">\n\t\t\t\t\t\t<span class=\"elementor-button-content-wrapper\">\n\t\t\t\t\t\t\t\t\t<span class=\"elementor-button-text\">INFORMATIONEN ANFORDERN<\/span>\n\t\t\t\t\t<\/span>\n\t\t\t\t\t<\/a>\n\t\t\t\t<\/div>\n\t\t\t\t\t\t\t\t<\/div>\n\t\t\t\t<\/div>\n\t\t\t\t<\/div>\n\t\t\t\t<\/div>\n\t\t<div class=\"elementor-element elementor-element-16bd8ae e-con-full col-settori e-flex elementor-invisible e-con e-child\" data-id=\"16bd8ae\" data-element_type=\"container\" data-settings=\"{&quot;background_background&quot;:&quot;classic&quot;,&quot;animation&quot;:&quot;zoomIn&quot;,&quot;_ha_eqh_enable&quot;:false}\">\n\t\t\t\t<div class=\"elementor-element elementor-element-9f5cb0f elementor-widget elementor-widget-image\" data-id=\"9f5cb0f\" data-element_type=\"widget\" data-widget_type=\"image.default\">\n\t\t\t\t<div class=\"elementor-widget-container\">\n\t\t\t\t\t\t\t\t\t\t\t\t\t\t\t<img decoding=\"async\" width=\"500\" height=\"333\" src=\"https:\/\/www.vemastamp.it\/wp-content\/uploads\/2024\/10\/elettrodomestici-vema.jpg\" class=\"attachment-full size-full wp-image-2524\" alt=\"\" srcset=\"https:\/\/www.vemastamp.it\/wp-content\/uploads\/2024\/10\/elettrodomestici-vema.jpg 500w, https:\/\/www.vemastamp.it\/wp-content\/uploads\/2024\/10\/elettrodomestici-vema-300x200.jpg 300w\" sizes=\"(max-width: 500px) 100vw, 500px\" \/>\t\t\t\t\t\t\t\t\t\t\t\t\t\t\t<\/div>\n\t\t\t\t<\/div>\n\t\t<div class=\"elementor-element elementor-element-469dd19 e-con-full e-flex e-con e-child\" data-id=\"469dd19\" data-element_type=\"container\" data-settings=\"{&quot;_ha_eqh_enable&quot;:false}\">\n\t\t\t\t<div class=\"elementor-element elementor-element-a41dcaf size-32 elementor-widget elementor-widget-heading\" data-id=\"a41dcaf\" data-element_type=\"widget\" data-widget_type=\"heading.default\">\n\t\t\t\t<div class=\"elementor-widget-container\">\n\t\t\t\t\t<h2 class=\"elementor-heading-title elementor-size-default\">Haushaltsger\u00e4t<\/h2>\t\t\t\t<\/div>\n\t\t\t\t<\/div>\n\t\t\t\t<div class=\"elementor-element elementor-element-91b9b48 elementor-widget elementor-widget-text-editor\" data-id=\"91b9b48\" data-element_type=\"widget\" data-widget_type=\"text-editor.default\">\n\t\t\t\t<div class=\"elementor-widget-container\">\n\t\t\t\t\t\t\t\t\t<p>Wir fertigen robuste, leistungsstarke Teile f\u00fcr Haushaltsger\u00e4te, die sich durch optimale Funktionalit\u00e4t und Langlebigkeit auszeichnen.<\/p>\n\t\t\t\t\t\t\t\t<\/div>\n\t\t\t\t<\/div>\n\t\t\t\t<div class=\"elementor-element elementor-element-6378623 elementor-widget elementor-widget-button\" data-id=\"6378623\" data-element_type=\"widget\" data-widget_type=\"button.default\">\n\t\t\t\t<div class=\"elementor-widget-container\">\n\t\t\t\t\t\t\t\t\t<div class=\"elementor-button-wrapper\">\n\t\t\t\t\t<a class=\"elementor-button elementor-button-link elementor-size-sm\" href=\"https:\/\/www.vemastamp.it\/contatti\/\">\n\t\t\t\t\t\t<span class=\"elementor-button-content-wrapper\">\n\t\t\t\t\t\t\t\t\t<span class=\"elementor-button-text\">INFORMATIONEN ANFORDERN<\/span>\n\t\t\t\t\t<\/span>\n\t\t\t\t\t<\/a>\n\t\t\t\t<\/div>\n\t\t\t\t\t\t\t\t<\/div>\n\t\t\t\t<\/div>\n\t\t\t\t<\/div>\n\t\t\t\t<\/div>\n\t\t<div class=\"elementor-element elementor-element-6bcd45a e-con-full col-settori e-flex elementor-invisible e-con e-child\" data-id=\"6bcd45a\" data-element_type=\"container\" data-settings=\"{&quot;background_background&quot;:&quot;classic&quot;,&quot;animation&quot;:&quot;zoomIn&quot;,&quot;_ha_eqh_enable&quot;:false}\">\n\t\t\t\t<div class=\"elementor-element elementor-element-cd08ce9 elementor-widget elementor-widget-image\" data-id=\"cd08ce9\" data-element_type=\"widget\" data-widget_type=\"image.default\">\n\t\t\t\t<div class=\"elementor-widget-container\">\n\t\t\t\t\t\t\t\t\t\t\t\t\t\t\t<img decoding=\"async\" width=\"800\" height=\"533\" src=\"https:\/\/www.vemastamp.it\/wp-content\/uploads\/2024\/10\/vema-serramenti.jpg\" class=\"attachment-full size-full wp-image-2530\" alt=\"\" srcset=\"https:\/\/www.vemastamp.it\/wp-content\/uploads\/2024\/10\/vema-serramenti.jpg 800w, https:\/\/www.vemastamp.it\/wp-content\/uploads\/2024\/10\/vema-serramenti-300x200.jpg 300w, https:\/\/www.vemastamp.it\/wp-content\/uploads\/2024\/10\/vema-serramenti-768x512.jpg 768w\" sizes=\"(max-width: 800px) 100vw, 800px\" \/>\t\t\t\t\t\t\t\t\t\t\t\t\t\t\t<\/div>\n\t\t\t\t<\/div>\n\t\t<div class=\"elementor-element elementor-element-cf3a82d e-con-full e-flex e-con e-child\" data-id=\"cf3a82d\" data-element_type=\"container\" data-settings=\"{&quot;_ha_eqh_enable&quot;:false}\">\n\t\t\t\t<div class=\"elementor-element elementor-element-1adc743 size-32 elementor-widget elementor-widget-heading\" data-id=\"1adc743\" data-element_type=\"widget\" data-widget_type=\"heading.default\">\n\t\t\t\t<div class=\"elementor-widget-container\">\n\t\t\t\t\t<h2 class=\"elementor-heading-title elementor-size-default\">EINRICHTUNG<\/h2>\t\t\t\t<\/div>\n\t\t\t\t<\/div>\n\t\t\t\t<div class=\"elementor-element elementor-element-df0bb87 elementor-widget elementor-widget-text-editor\" data-id=\"df0bb87\" data-element_type=\"widget\" data-widget_type=\"text-editor.default\">\n\t\t\t\t<div class=\"elementor-widget-container\">\n\t\t\t\t\t\t\t\t\t<p>Wir stellen M\u00f6bel und Einrichtungselemente mit sorgf\u00e4ltigem Design und hochwertigen Materialien her.<\/p>\n\t\t\t\t\t\t\t\t<\/div>\n\t\t\t\t<\/div>\n\t\t\t\t<div class=\"elementor-element elementor-element-4ecfe98 elementor-widget elementor-widget-button\" data-id=\"4ecfe98\" data-element_type=\"widget\" data-widget_type=\"button.default\">\n\t\t\t\t<div class=\"elementor-widget-container\">\n\t\t\t\t\t\t\t\t\t<div class=\"elementor-button-wrapper\">\n\t\t\t\t\t<a class=\"elementor-button elementor-button-link elementor-size-sm\" href=\"https:\/\/www.vemastamp.it\/contatti\/\">\n\t\t\t\t\t\t<span class=\"elementor-button-content-wrapper\">\n\t\t\t\t\t\t\t\t\t<span class=\"elementor-button-text\">INFORMATIONEN ANFORDERN<\/span>\n\t\t\t\t\t<\/span>\n\t\t\t\t\t<\/a>\n\t\t\t\t<\/div>\n\t\t\t\t\t\t\t\t<\/div>\n\t\t\t\t<\/div>\n\t\t\t\t<\/div>\n\t\t\t\t<\/div>\n\t\t\t\t\t<\/div>\n\t\t\t\t<\/div>\n\t\t<div class=\"elementor-element elementor-element-78c061b e-con-full e-flex e-con e-parent\" data-id=\"78c061b\" data-element_type=\"container\" data-settings=\"{&quot;_ha_eqh_enable&quot;:false}\">\n\t\t\t\t<div class=\"elementor-element elementor-element-ed8fe50 elementor-widget__width-initial elementor-pagination-position-outside elementor-invisible elementor-widget elementor-widget-image-carousel\" data-id=\"ed8fe50\" data-element_type=\"widget\" data-settings=\"{&quot;slides_to_show&quot;:&quot;3&quot;,&quot;navigation&quot;:&quot;dots&quot;,&quot;_animation&quot;:&quot;zoomIn&quot;,&quot;lazyload&quot;:&quot;yes&quot;,&quot;speed&quot;:500,&quot;image_spacing_custom&quot;:{&quot;unit&quot;:&quot;px&quot;,&quot;size&quot;:20,&quot;sizes&quot;:[]},&quot;image_spacing_custom_tablet&quot;:{&quot;unit&quot;:&quot;px&quot;,&quot;size&quot;:&quot;&quot;,&quot;sizes&quot;:[]},&quot;image_spacing_custom_mobile&quot;:{&quot;unit&quot;:&quot;px&quot;,&quot;size&quot;:&quot;&quot;,&quot;sizes&quot;:[]}}\" data-widget_type=\"image-carousel.default\">\n\t\t\t\t<div class=\"elementor-widget-container\">\n\t\t\t\t\t\t\t<div class=\"elementor-image-carousel-wrapper swiper\" role=\"region\" aria-roledescription=\"carousel\" aria-label=\"Bild Karussell\" dir=\"ltr\">\n\t\t\t<div class=\"elementor-image-carousel swiper-wrapper\" aria-live=\"polite\">\n\t\t\t\t\t\t\t\t<div class=\"swiper-slide\" role=\"group\" aria-roledescription=\"slide\" aria-label=\"1 von 3\"><figure class=\"swiper-slide-inner\"><img class=\"swiper-slide-image swiper-lazy\" data-src=\"https:\/\/www.vemastamp.it\/wp-content\/uploads\/2024\/10\/vemastamp-settori-01.jpg\" alt=\"vemastamp settori 01\" \/><div class=\"swiper-lazy-preloader\"><\/div><\/figure><\/div><div class=\"swiper-slide\" role=\"group\" aria-roledescription=\"slide\" aria-label=\"2 von 3\"><figure class=\"swiper-slide-inner\"><img class=\"swiper-slide-image swiper-lazy\" data-src=\"https:\/\/www.vemastamp.it\/wp-content\/uploads\/2024\/10\/vemastamp-settori-02.jpg\" alt=\"vemastamp settori 02\" \/><div class=\"swiper-lazy-preloader\"><\/div><\/figure><\/div><div class=\"swiper-slide\" role=\"group\" aria-roledescription=\"slide\" aria-label=\"3 von 3\"><figure class=\"swiper-slide-inner\"><img class=\"swiper-slide-image swiper-lazy\" data-src=\"https:\/\/www.vemastamp.it\/wp-content\/uploads\/2024\/10\/vemastamp-settori-03.jpg\" alt=\"vemastamp settori 03\" \/><div class=\"swiper-lazy-preloader\"><\/div><\/figure><\/div>\t\t\t<\/div>\n\t\t\t\t\t\t\t\n\t\t\t\t\t\t\t\t\t<div class=\"swiper-pagination\"><\/div>\n\t\t\t\t\t\t\t\t\t<\/div>\n\t\t\t\t\t\t<\/div>\n\t\t\t\t<\/div>\n\t\t\t\t<\/div>\n\t\t\t\t<\/div>\n\t\t","protected":false},"excerpt":{"rendered":"<p>EXZELLENZBEREICHE Durch die in verschiedenen Sektoren gesammelte Erfahrung und die zur Verf\u00fcgung stehende Ausr\u00fcstung ist VEMA in der Lage, das Projekt vom digitalen Prototyping \u00fcber die Entwicklung der Form bis hin zum Kaltpressen des fertigen Teils zu begleiten. AUTOMOBILINDUSTRIE Wir liefern Pr\u00e4zisionskomponenten und innovative L\u00f6sungen f\u00fcr die Automobilindustrie, die Qualit\u00e4t und Zuverl\u00e4ssigkeit garantieren. INFORMATIONEN ANFORDERN&#8230;<\/p>\n","protected":false},"author":5,"featured_media":0,"parent":0,"menu_order":0,"comment_status":"closed","ping_status":"closed","template":"elementor_header_footer","meta":{"footnotes":""},"class_list":["post-2616","page","type-page","status-publish","hentry"],"yoast_head":"<!-- This site is optimized with the Yoast SEO plugin v26.0 - https:\/\/yoast.com\/wordpress\/plugins\/seo\/ -->\n<title>Branchen - Progettazione e costruzione stampi e stampaggio | Vema - San Stino di Livenza (VE) Italia<\/title>\n<meta name=\"robots\" content=\"index, follow, max-snippet:-1, max-image-preview:large, max-video-preview:-1\" \/>\n<link rel=\"canonical\" href=\"https:\/\/www.vemastamp.it\/de\/branchen\/\" \/>\n<meta property=\"og:locale\" content=\"de_DE\" \/>\n<meta property=\"og:type\" content=\"article\" \/>\n<meta property=\"og:title\" content=\"Branchen - Progettazione e costruzione stampi e stampaggio | Vema - San Stino di Livenza (VE) Italia\" \/>\n<meta property=\"og:description\" content=\"EXZELLENZBEREICHE Durch die in verschiedenen Sektoren gesammelte Erfahrung und die zur Verf\u00fcgung stehende Ausr\u00fcstung ist VEMA in der Lage, das Projekt vom digitalen Prototyping \u00fcber die Entwicklung der Form bis hin zum Kaltpressen des fertigen Teils zu begleiten. AUTOMOBILINDUSTRIE Wir liefern Pr\u00e4zisionskomponenten und innovative L\u00f6sungen f\u00fcr die Automobilindustrie, die Qualit\u00e4t und Zuverl\u00e4ssigkeit garantieren. INFORMATIONEN ANFORDERN...\" \/>\n<meta property=\"og:url\" content=\"https:\/\/www.vemastamp.it\/de\/branchen\/\" \/>\n<meta property=\"og:site_name\" content=\"Progettazione e costruzione stampi e stampaggio | Vema - San Stino di Livenza (VE) Italia\" \/>\n<meta property=\"article:modified_time\" content=\"2024-10-21T09:22:45+00:00\" \/>\n<meta property=\"og:image\" content=\"http:\/\/www.vemastamp.it\/wp-content\/uploads\/2024\/10\/vemastamp-automotive.jpg\" \/>\n<meta name=\"twitter:card\" content=\"summary_large_image\" \/>\n<meta name=\"twitter:label1\" content=\"Gesch\u00e4tzte Lesezeit\" \/>\n\t<meta name=\"twitter:data1\" content=\"2\u00a0Minuten\" \/>\n<script type=\"application\/ld+json\" class=\"yoast-schema-graph\">{\"@context\":\"https:\/\/schema.org\",\"@graph\":[{\"@type\":\"WebPage\",\"@id\":\"https:\/\/www.vemastamp.it\/de\/branchen\/\",\"url\":\"https:\/\/www.vemastamp.it\/de\/branchen\/\",\"name\":\"Branchen - Progettazione e costruzione stampi e stampaggio | Vema - San Stino di Livenza (VE) Italia\",\"isPartOf\":{\"@id\":\"https:\/\/www.vemastamp.it\/de\/#website\"},\"primaryImageOfPage\":{\"@id\":\"https:\/\/www.vemastamp.it\/de\/branchen\/#primaryimage\"},\"image\":{\"@id\":\"https:\/\/www.vemastamp.it\/de\/branchen\/#primaryimage\"},\"thumbnailUrl\":\"http:\/\/www.vemastamp.it\/wp-content\/uploads\/2024\/10\/vemastamp-automotive.jpg\",\"datePublished\":\"2024-10-03T09:20:54+00:00\",\"dateModified\":\"2024-10-21T09:22:45+00:00\",\"breadcrumb\":{\"@id\":\"https:\/\/www.vemastamp.it\/de\/branchen\/#breadcrumb\"},\"inLanguage\":\"de\",\"potentialAction\":[{\"@type\":\"ReadAction\",\"target\":[\"https:\/\/www.vemastamp.it\/de\/branchen\/\"]}]},{\"@type\":\"ImageObject\",\"inLanguage\":\"de\",\"@id\":\"https:\/\/www.vemastamp.it\/de\/branchen\/#primaryimage\",\"url\":\"http:\/\/www.vemastamp.it\/wp-content\/uploads\/2024\/10\/vemastamp-automotive.jpg\",\"contentUrl\":\"http:\/\/www.vemastamp.it\/wp-content\/uploads\/2024\/10\/vemastamp-automotive.jpg\"},{\"@type\":\"BreadcrumbList\",\"@id\":\"https:\/\/www.vemastamp.it\/de\/branchen\/#breadcrumb\",\"itemListElement\":[{\"@type\":\"ListItem\",\"position\":1,\"name\":\"Home\",\"item\":\"https:\/\/www.vemastamp.it\/de\/\"},{\"@type\":\"ListItem\",\"position\":2,\"name\":\"Branchen\"}]},{\"@type\":\"WebSite\",\"@id\":\"https:\/\/www.vemastamp.it\/de\/#website\",\"url\":\"https:\/\/www.vemastamp.it\/de\/\",\"name\":\"Vema Stamp - Progettazione e costruzione stampi e stampaggio | Vema - San Stino di Livenza (VE) Italia\",\"description\":\"Esperienza e competenza del proprio staff nel settore della costruzione di stampi, a passo, transferizzati, a blocco e dello stampaggio di lamiere a freddo\",\"publisher\":{\"@id\":\"https:\/\/www.vemastamp.it\/de\/#organization\"},\"potentialAction\":[{\"@type\":\"SearchAction\",\"target\":{\"@type\":\"EntryPoint\",\"urlTemplate\":\"https:\/\/www.vemastamp.it\/de\/?s={search_term_string}\"},\"query-input\":{\"@type\":\"PropertyValueSpecification\",\"valueRequired\":true,\"valueName\":\"search_term_string\"}}],\"inLanguage\":\"de\"},{\"@type\":\"Organization\",\"@id\":\"https:\/\/www.vemastamp.it\/de\/#organization\",\"name\":\"Vema Stamp - Progettazione e costruzione stampi e stampaggio | Vema - San Stino di Livenza (VE) Italia\",\"url\":\"https:\/\/www.vemastamp.it\/de\/\",\"logo\":{\"@type\":\"ImageObject\",\"inLanguage\":\"de\",\"@id\":\"https:\/\/www.vemastamp.it\/de\/#\/schema\/logo\/image\/\",\"url\":\"https:\/\/www.vemastamp.it\/wp-content\/uploads\/2024\/10\/vemastamp-logo-chiaro.jpg\",\"contentUrl\":\"https:\/\/www.vemastamp.it\/wp-content\/uploads\/2024\/10\/vemastamp-logo-chiaro.jpg\",\"width\":500,\"height\":226,\"caption\":\"Vema Stamp - Progettazione e costruzione stampi e stampaggio | Vema - San Stino di Livenza (VE) Italia\"},\"image\":{\"@id\":\"https:\/\/www.vemastamp.it\/de\/#\/schema\/logo\/image\/\"}}]}<\/script>\n<!-- \/ Yoast SEO plugin. -->","yoast_head_json":{"title":"Branchen - Progettazione e costruzione stampi e stampaggio | Vema - San Stino di Livenza (VE) Italia","robots":{"index":"index","follow":"follow","max-snippet":"max-snippet:-1","max-image-preview":"max-image-preview:large","max-video-preview":"max-video-preview:-1"},"canonical":"https:\/\/www.vemastamp.it\/de\/branchen\/","og_locale":"de_DE","og_type":"article","og_title":"Branchen - Progettazione e costruzione stampi e stampaggio | Vema - San Stino di Livenza (VE) Italia","og_description":"EXZELLENZBEREICHE Durch die in verschiedenen Sektoren gesammelte Erfahrung und die zur Verf\u00fcgung stehende Ausr\u00fcstung ist VEMA in der Lage, das Projekt vom digitalen Prototyping \u00fcber die Entwicklung der Form bis hin zum Kaltpressen des fertigen Teils zu begleiten. AUTOMOBILINDUSTRIE Wir liefern Pr\u00e4zisionskomponenten und innovative L\u00f6sungen f\u00fcr die Automobilindustrie, die Qualit\u00e4t und Zuverl\u00e4ssigkeit garantieren. INFORMATIONEN ANFORDERN...","og_url":"https:\/\/www.vemastamp.it\/de\/branchen\/","og_site_name":"Progettazione e costruzione stampi e stampaggio | Vema - San Stino di Livenza (VE) Italia","article_modified_time":"2024-10-21T09:22:45+00:00","og_image":[{"url":"http:\/\/www.vemastamp.it\/wp-content\/uploads\/2024\/10\/vemastamp-automotive.jpg","type":"","width":"","height":""}],"twitter_card":"summary_large_image","twitter_misc":{"Gesch\u00e4tzte Lesezeit":"2\u00a0Minuten"},"schema":{"@context":"https:\/\/schema.org","@graph":[{"@type":"WebPage","@id":"https:\/\/www.vemastamp.it\/de\/branchen\/","url":"https:\/\/www.vemastamp.it\/de\/branchen\/","name":"Branchen - Progettazione e costruzione stampi e stampaggio | Vema - San Stino di Livenza (VE) Italia","isPartOf":{"@id":"https:\/\/www.vemastamp.it\/de\/#website"},"primaryImageOfPage":{"@id":"https:\/\/www.vemastamp.it\/de\/branchen\/#primaryimage"},"image":{"@id":"https:\/\/www.vemastamp.it\/de\/branchen\/#primaryimage"},"thumbnailUrl":"http:\/\/www.vemastamp.it\/wp-content\/uploads\/2024\/10\/vemastamp-automotive.jpg","datePublished":"2024-10-03T09:20:54+00:00","dateModified":"2024-10-21T09:22:45+00:00","breadcrumb":{"@id":"https:\/\/www.vemastamp.it\/de\/branchen\/#breadcrumb"},"inLanguage":"de","potentialAction":[{"@type":"ReadAction","target":["https:\/\/www.vemastamp.it\/de\/branchen\/"]}]},{"@type":"ImageObject","inLanguage":"de","@id":"https:\/\/www.vemastamp.it\/de\/branchen\/#primaryimage","url":"http:\/\/www.vemastamp.it\/wp-content\/uploads\/2024\/10\/vemastamp-automotive.jpg","contentUrl":"http:\/\/www.vemastamp.it\/wp-content\/uploads\/2024\/10\/vemastamp-automotive.jpg"},{"@type":"BreadcrumbList","@id":"https:\/\/www.vemastamp.it\/de\/branchen\/#breadcrumb","itemListElement":[{"@type":"ListItem","position":1,"name":"Home","item":"https:\/\/www.vemastamp.it\/de\/"},{"@type":"ListItem","position":2,"name":"Branchen"}]},{"@type":"WebSite","@id":"https:\/\/www.vemastamp.it\/de\/#website","url":"https:\/\/www.vemastamp.it\/de\/","name":"Vema Stamp - Progettazione e costruzione stampi e stampaggio | Vema - San Stino di Livenza (VE) Italia","description":"Esperienza e competenza del proprio staff nel settore della costruzione di stampi, a passo, transferizzati, a blocco e dello stampaggio di lamiere a freddo","publisher":{"@id":"https:\/\/www.vemastamp.it\/de\/#organization"},"potentialAction":[{"@type":"SearchAction","target":{"@type":"EntryPoint","urlTemplate":"https:\/\/www.vemastamp.it\/de\/?s={search_term_string}"},"query-input":{"@type":"PropertyValueSpecification","valueRequired":true,"valueName":"search_term_string"}}],"inLanguage":"de"},{"@type":"Organization","@id":"https:\/\/www.vemastamp.it\/de\/#organization","name":"Vema Stamp - Progettazione e costruzione stampi e stampaggio | Vema - San Stino di Livenza (VE) Italia","url":"https:\/\/www.vemastamp.it\/de\/","logo":{"@type":"ImageObject","inLanguage":"de","@id":"https:\/\/www.vemastamp.it\/de\/#\/schema\/logo\/image\/","url":"https:\/\/www.vemastamp.it\/wp-content\/uploads\/2024\/10\/vemastamp-logo-chiaro.jpg","contentUrl":"https:\/\/www.vemastamp.it\/wp-content\/uploads\/2024\/10\/vemastamp-logo-chiaro.jpg","width":500,"height":226,"caption":"Vema Stamp - Progettazione e costruzione stampi e stampaggio | Vema - San Stino di Livenza (VE) Italia"},"image":{"@id":"https:\/\/www.vemastamp.it\/de\/#\/schema\/logo\/image\/"}}]}},"_links":{"self":[{"href":"https:\/\/www.vemastamp.it\/de\/wp-json\/wp\/v2\/pages\/2616","targetHints":{"allow":["GET"]}}],"collection":[{"href":"https:\/\/www.vemastamp.it\/de\/wp-json\/wp\/v2\/pages"}],"about":[{"href":"https:\/\/www.vemastamp.it\/de\/wp-json\/wp\/v2\/types\/page"}],"author":[{"embeddable":true,"href":"https:\/\/www.vemastamp.it\/de\/wp-json\/wp\/v2\/users\/5"}],"replies":[{"embeddable":true,"href":"https:\/\/www.vemastamp.it\/de\/wp-json\/wp\/v2\/comments?post=2616"}],"version-history":[{"count":4,"href":"https:\/\/www.vemastamp.it\/de\/wp-json\/wp\/v2\/pages\/2616\/revisions"}],"predecessor-version":[{"id":2711,"href":"https:\/\/www.vemastamp.it\/de\/wp-json\/wp\/v2\/pages\/2616\/revisions\/2711"}],"wp:attachment":[{"href":"https:\/\/www.vemastamp.it\/de\/wp-json\/wp\/v2\/media?parent=2616"}],"curies":[{"name":"wp","href":"https:\/\/api.w.org\/{rel}","templated":true}]}}