{"id":2624,"date":"2024-10-07T11:01:31","date_gmt":"2024-10-07T09:01:31","guid":{"rendered":"https:\/\/www.vemastamp.it\/nachhaltigkeit\/"},"modified":"2024-10-18T13:41:17","modified_gmt":"2024-10-18T11:41:17","slug":"nachhaltigkeit","status":"publish","type":"page","link":"https:\/\/www.vemastamp.it\/de\/nachhaltigkeit\/","title":{"rendered":"Nachhaltigkeit"},"content":{"rendered":"\t\t<div data-elementor-type=\"wp-page\" data-elementor-id=\"2624\" class=\"elementor elementor-2624 elementor-1419\" data-elementor-settings=\"{&quot;ha_cmc_init_switcher&quot;:&quot;no&quot;}\" data-elementor-post-type=\"page\">\n\t\t\t\t<div class=\"elementor-element elementor-element-888995f e-flex e-con-boxed e-con e-parent\" data-id=\"888995f\" data-element_type=\"container\" data-settings=\"{&quot;_ha_eqh_enable&quot;:false}\">\n\t\t\t\t\t<div class=\"e-con-inner\">\n\t\t\t\t<div class=\"elementor-element elementor-element-0420224 size-50 elementor-invisible elementor-widget elementor-widget-heading\" data-id=\"0420224\" data-element_type=\"widget\" data-settings=\"{&quot;_animation&quot;:&quot;zoomIn&quot;}\" data-widget_type=\"heading.default\">\n\t\t\t\t<div class=\"elementor-widget-container\">\n\t\t\t\t\t<h1 class=\"elementor-heading-title elementor-size-default\">nachhaltigkeit<\/h1>\t\t\t\t<\/div>\n\t\t\t\t<\/div>\n\t\t\t\t\t<\/div>\n\t\t\t\t<\/div>\n\t\t<div class=\"elementor-element elementor-element-70bb738 e-flex e-con-boxed e-con e-parent\" data-id=\"70bb738\" data-element_type=\"container\" data-settings=\"{&quot;_ha_eqh_enable&quot;:false}\">\n\t\t\t\t\t<div class=\"e-con-inner\">\n\t\t<div class=\"elementor-element elementor-element-fa42f98 e-con-full e-flex elementor-invisible e-con e-child\" data-id=\"fa42f98\" data-element_type=\"container\" data-settings=\"{&quot;animation&quot;:&quot;slideInLeft&quot;,&quot;animation_mobile&quot;:&quot;zoomIn&quot;,&quot;_ha_eqh_enable&quot;:false}\">\n\t\t\t\t<div class=\"elementor-element elementor-element-bbfee71 size-32 elementor-widget elementor-widget-heading\" data-id=\"bbfee71\" data-element_type=\"widget\" data-widget_type=\"heading.default\">\n\t\t\t\t<div class=\"elementor-widget-container\">\n\t\t\t\t\t<h2 class=\"elementor-heading-title elementor-size-default\">Eine nachhaltige Zukunft f\u00fcr das verarbeitende Gewerbe<\/h2>\t\t\t\t<\/div>\n\t\t\t\t<\/div>\n\t\t\t\t<div class=\"elementor-element elementor-element-c84efb9 elementor-widget elementor-widget-text-editor\" data-id=\"c84efb9\" data-element_type=\"widget\" data-widget_type=\"text-editor.default\">\n\t\t\t\t<div class=\"elementor-widget-container\">\n\t\t\t\t\t\t\t\t\t<p>Bei <strong>VEMA<\/strong>ist Nachhaltigkeit nicht nur eine Entscheidung, sondern eine <strong>Verantwortung f\u00fcr die Zukunft<\/strong>. Wir bem\u00fchen uns tagt\u00e4glich, die Umweltauswirkungen unserer T\u00e4tigkeit zu verringern, indem wir modernste Verfahren und Technologien einsetzen, um eine <strong>effiziente und umweltfreundliche<\/strong> Produktion zu gew\u00e4hrleisten. Wir glauben, dass Innovation in der Produktion Hand in Hand mit dem Respekt f\u00fcr unseren Planeten gehen muss.<\/p>\n\t\t\t\t\t\t\t\t<\/div>\n\t\t\t\t<\/div>\n\t\t\t\t<\/div>\n\t\t<div class=\"elementor-element elementor-element-cc15048 e-con-full e-flex elementor-invisible e-con e-child\" data-id=\"cc15048\" data-element_type=\"container\" data-settings=\"{&quot;animation&quot;:&quot;slideInRight&quot;,&quot;animation_mobile&quot;:&quot;zoomIn&quot;,&quot;_ha_eqh_enable&quot;:false}\">\n\t\t\t\t<div class=\"elementor-element elementor-element-342a138 elementor-widget elementor-widget-image\" data-id=\"342a138\" data-element_type=\"widget\" data-widget_type=\"image.default\">\n\t\t\t\t<div class=\"elementor-widget-container\">\n\t\t\t\t\t\t\t\t\t\t\t\t\t\t\t<img fetchpriority=\"high\" decoding=\"async\" width=\"1000\" height=\"627\" src=\"https:\/\/www.vemastamp.it\/wp-content\/uploads\/2024\/10\/sostenibilita-01.jpg\" class=\"attachment-full size-full wp-image-2251\" alt=\"\" srcset=\"https:\/\/www.vemastamp.it\/wp-content\/uploads\/2024\/10\/sostenibilita-01.jpg 1000w, https:\/\/www.vemastamp.it\/wp-content\/uploads\/2024\/10\/sostenibilita-01-300x188.jpg 300w, https:\/\/www.vemastamp.it\/wp-content\/uploads\/2024\/10\/sostenibilita-01-768x482.jpg 768w\" sizes=\"(max-width: 1000px) 100vw, 1000px\" \/>\t\t\t\t\t\t\t\t\t\t\t\t\t\t\t<\/div>\n\t\t\t\t<\/div>\n\t\t\t\t<\/div>\n\t\t\t\t\t<\/div>\n\t\t\t\t<\/div>\n\t\t<div class=\"elementor-element elementor-element-b9b7563 e-flex e-con-boxed e-con e-parent\" data-id=\"b9b7563\" data-element_type=\"container\" data-settings=\"{&quot;_ha_eqh_enable&quot;:false}\">\n\t\t\t\t\t<div class=\"e-con-inner\">\n\t\t<div class=\"elementor-element elementor-element-807b130 e-con-full e-flex elementor-invisible e-con e-child\" data-id=\"807b130\" data-element_type=\"container\" data-settings=\"{&quot;animation&quot;:&quot;zoomIn&quot;,&quot;_ha_eqh_enable&quot;:false}\">\n\t\t\t\t<div class=\"elementor-element elementor-element-ba4b93d elementor-widget elementor-widget-image\" data-id=\"ba4b93d\" data-element_type=\"widget\" data-widget_type=\"image.default\">\n\t\t\t\t<div class=\"elementor-widget-container\">\n\t\t\t\t\t\t\t\t\t\t\t\t\t\t\t<img decoding=\"async\" width=\"1000\" height=\"667\" src=\"https:\/\/www.vemastamp.it\/wp-content\/uploads\/2024\/10\/sostenibilita-02.jpg\" class=\"attachment-full size-full wp-image-2253\" alt=\"\" srcset=\"https:\/\/www.vemastamp.it\/wp-content\/uploads\/2024\/10\/sostenibilita-02.jpg 1000w, https:\/\/www.vemastamp.it\/wp-content\/uploads\/2024\/10\/sostenibilita-02-300x200.jpg 300w, https:\/\/www.vemastamp.it\/wp-content\/uploads\/2024\/10\/sostenibilita-02-768x512.jpg 768w\" sizes=\"(max-width: 1000px) 100vw, 1000px\" \/>\t\t\t\t\t\t\t\t\t\t\t\t\t\t\t<\/div>\n\t\t\t\t<\/div>\n\t\t\t\t<\/div>\n\t\t<div class=\"elementor-element elementor-element-08a8fb7 e-con-full e-flex elementor-invisible e-con e-child\" data-id=\"08a8fb7\" data-element_type=\"container\" data-settings=\"{&quot;animation&quot;:&quot;zoomIn&quot;,&quot;_ha_eqh_enable&quot;:false}\">\n\t\t\t\t<div class=\"elementor-element elementor-element-d59f3ac size-32 elementor-widget elementor-widget-heading\" data-id=\"d59f3ac\" data-element_type=\"widget\" data-widget_type=\"heading.default\">\n\t\t\t\t<div class=\"elementor-widget-container\">\n\t\t\t\t\t<h2 class=\"elementor-heading-title elementor-size-default\">Abfallreduzierung und Optimierung der Ressourcen<\/h2>\t\t\t\t<\/div>\n\t\t\t\t<\/div>\n\t\t\t\t<div class=\"elementor-element elementor-element-d4dcd61 elementor-widget elementor-widget-text-editor\" data-id=\"d4dcd61\" data-element_type=\"widget\" data-widget_type=\"text-editor.default\">\n\t\t\t\t<div class=\"elementor-widget-container\">\n\t\t\t\t\t\t\t\t\t<p>Unser gr\u00fcner Ansatz beruht auf dem <strong>Ressourcenmanagement<\/strong>. Deshalb investieren wir st\u00e4ndig in Technologien und Verfahren, die es uns erm\u00f6glichen<strong>, die Verschwendung von Rohstoffen, Wasser und Energie zu minimieren<\/strong>. Wir wollen nicht nur qualitativ hochwertige Komponenten herstellen, sondern dies auch auf nachhaltige Weise tun, indem wir versuchen, die Auswirkungen auf die Umwelt in jeder Phase der Produktion zu minimieren.<\/p>\n\t\t\t\t\t\t\t\t<\/div>\n\t\t\t\t<\/div>\n\t\t\t\t<div class=\"elementor-element elementor-element-fd6b9db elementor-hidden-desktop elementor-hidden-tablet elementor-hidden-mobile elementor-widget elementor-widget-button\" data-id=\"fd6b9db\" data-element_type=\"widget\" data-widget_type=\"button.default\">\n\t\t\t\t<div class=\"elementor-widget-container\">\n\t\t\t\t\t\t\t\t\t<div class=\"elementor-button-wrapper\">\n\t\t\t\t\t<a class=\"elementor-button elementor-button-link elementor-size-sm\" href=\"http:\/\/www.vemastamp.it\/wp-content\/uploads\/2024\/10\/FSE_formazione_816_VEMA.pdf\" target=\"_blank\">\n\t\t\t\t\t\t<span class=\"elementor-button-content-wrapper\">\n\t\t\t\t\t\t\t\t\t<span class=\"elementor-button-text\">LADEN SIE DIE ZERTIFIZIERUNG HERUNTER<\/span>\n\t\t\t\t\t<\/span>\n\t\t\t\t\t<\/a>\n\t\t\t\t<\/div>\n\t\t\t\t\t\t\t\t<\/div>\n\t\t\t\t<\/div>\n\t\t\t\t<\/div>\n\t\t\t\t\t<\/div>\n\t\t\t\t<\/div>\n\t\t<div class=\"elementor-element elementor-element-450cdbe e-flex e-con-boxed e-con e-parent\" data-id=\"450cdbe\" data-element_type=\"container\" data-settings=\"{&quot;_ha_eqh_enable&quot;:false}\">\n\t\t\t\t\t<div class=\"e-con-inner\">\n\t\t<div class=\"elementor-element elementor-element-00b6202 e-con-full e-flex elementor-invisible e-con e-child\" data-id=\"00b6202\" data-element_type=\"container\" data-settings=\"{&quot;animation&quot;:&quot;slideInLeft&quot;,&quot;animation_mobile&quot;:&quot;zoomIn&quot;,&quot;_ha_eqh_enable&quot;:false}\">\n\t\t\t\t<div class=\"elementor-element elementor-element-4f68c81 size-32 elementor-widget elementor-widget-heading\" data-id=\"4f68c81\" data-element_type=\"widget\" data-widget_type=\"heading.default\">\n\t\t\t\t<div class=\"elementor-widget-container\">\n\t\t\t\t\t<h2 class=\"elementor-heading-title elementor-size-default\">Engagement f\u00fcr zuk\u00fcnftige Generationen<\/h2>\t\t\t\t<\/div>\n\t\t\t\t<\/div>\n\t\t\t\t<div class=\"elementor-element elementor-element-0e8e048 elementor-widget elementor-widget-text-editor\" data-id=\"0e8e048\" data-element_type=\"widget\" data-widget_type=\"text-editor.default\">\n\t\t\t\t<div class=\"elementor-widget-container\">\n\t\t\t\t\t\t\t\t\t<p>Nachhaltigkeit ist f\u00fcr uns kein kurzfristiges Ziel, sondern ein<strong> kontinuierliches Engagement<\/strong> f\u00fcr zuk\u00fcnftige Generationen. Durch unsere <strong>umweltfreundlichen Unternehmensrichtlinien und bewusste Entscheidungen<\/strong> streben wir danach, eine positive Wirkung zu erzielen, die von Dauer ist. Wir m\u00f6chten ein Verm\u00e4chtnis nachhaltiger Innovation hinterlassen und unsere Praktiken st\u00e4ndig verbessern, um den Planeten f\u00fcr diejenigen zu sch\u00fctzen, die nach uns kommen werden.<\/p>\n\t\t\t\t\t\t\t\t<\/div>\n\t\t\t\t<\/div>\n\t\t\t\t<\/div>\n\t\t<div class=\"elementor-element elementor-element-e357ef4 e-con-full e-flex elementor-invisible e-con e-child\" data-id=\"e357ef4\" data-element_type=\"container\" data-settings=\"{&quot;animation&quot;:&quot;slideInRight&quot;,&quot;animation_mobile&quot;:&quot;zoomIn&quot;,&quot;_ha_eqh_enable&quot;:false}\">\n\t\t\t\t<div class=\"elementor-element elementor-element-df6f2c6 elementor-widget elementor-widget-image\" data-id=\"df6f2c6\" data-element_type=\"widget\" data-widget_type=\"image.default\">\n\t\t\t\t<div class=\"elementor-widget-container\">\n\t\t\t\t\t\t\t\t\t\t\t\t\t\t\t<img decoding=\"async\" width=\"1000\" height=\"750\" src=\"https:\/\/www.vemastamp.it\/wp-content\/uploads\/2024\/10\/sostenibilita-03.jpg\" class=\"attachment-full size-full wp-image-2255\" alt=\"\" srcset=\"https:\/\/www.vemastamp.it\/wp-content\/uploads\/2024\/10\/sostenibilita-03.jpg 1000w, https:\/\/www.vemastamp.it\/wp-content\/uploads\/2024\/10\/sostenibilita-03-300x225.jpg 300w, https:\/\/www.vemastamp.it\/wp-content\/uploads\/2024\/10\/sostenibilita-03-768x576.jpg 768w\" sizes=\"(max-width: 1000px) 100vw, 1000px\" \/>\t\t\t\t\t\t\t\t\t\t\t\t\t\t\t<\/div>\n\t\t\t\t<\/div>\n\t\t\t\t<\/div>\n\t\t\t\t\t<\/div>\n\t\t\t\t<\/div>\n\t\t\t\t<\/div>\n\t\t","protected":false},"excerpt":{"rendered":"<p>nachhaltigkeit Eine nachhaltige Zukunft f\u00fcr das verarbeitende Gewerbe Bei VEMAist Nachhaltigkeit nicht nur eine Entscheidung, sondern eine Verantwortung f\u00fcr die Zukunft. Wir bem\u00fchen uns tagt\u00e4glich, die Umweltauswirkungen unserer T\u00e4tigkeit zu verringern, indem wir modernste Verfahren und Technologien einsetzen, um eine effiziente und umweltfreundliche Produktion zu gew\u00e4hrleisten. Wir glauben, dass Innovation in der Produktion Hand in&#8230;<\/p>\n","protected":false},"author":5,"featured_media":0,"parent":0,"menu_order":0,"comment_status":"closed","ping_status":"closed","template":"elementor_header_footer","meta":{"footnotes":""},"class_list":["post-2624","page","type-page","status-publish","hentry"],"yoast_head":"<!-- This site is optimized with the Yoast SEO plugin v26.0 - https:\/\/yoast.com\/wordpress\/plugins\/seo\/ -->\n<title>Nachhaltigkeit - Progettazione e costruzione stampi e stampaggio | Vema - San Stino di Livenza (VE) Italia<\/title>\n<meta name=\"robots\" content=\"index, follow, max-snippet:-1, max-image-preview:large, max-video-preview:-1\" \/>\n<link rel=\"canonical\" href=\"https:\/\/www.vemastamp.it\/de\/nachhaltigkeit\/\" \/>\n<meta property=\"og:locale\" content=\"de_DE\" \/>\n<meta property=\"og:type\" content=\"article\" \/>\n<meta property=\"og:title\" content=\"Nachhaltigkeit - Progettazione e costruzione stampi e stampaggio | Vema - San Stino di Livenza (VE) Italia\" \/>\n<meta property=\"og:description\" content=\"nachhaltigkeit Eine nachhaltige Zukunft f\u00fcr das verarbeitende Gewerbe Bei VEMAist Nachhaltigkeit nicht nur eine Entscheidung, sondern eine Verantwortung f\u00fcr die Zukunft. Wir bem\u00fchen uns tagt\u00e4glich, die Umweltauswirkungen unserer T\u00e4tigkeit zu verringern, indem wir modernste Verfahren und Technologien einsetzen, um eine effiziente und umweltfreundliche Produktion zu gew\u00e4hrleisten. Wir glauben, dass Innovation in der Produktion Hand in...\" \/>\n<meta property=\"og:url\" content=\"https:\/\/www.vemastamp.it\/de\/nachhaltigkeit\/\" \/>\n<meta property=\"og:site_name\" content=\"Progettazione e costruzione stampi e stampaggio | Vema - San Stino di Livenza (VE) Italia\" \/>\n<meta property=\"article:modified_time\" content=\"2024-10-18T11:41:17+00:00\" \/>\n<meta property=\"og:image\" content=\"https:\/\/www.vemastamp.it\/wp-content\/uploads\/2024\/10\/sostenibilita-01.jpg\" \/>\n\t<meta property=\"og:image:width\" content=\"1000\" \/>\n\t<meta property=\"og:image:height\" content=\"627\" \/>\n\t<meta property=\"og:image:type\" content=\"image\/jpeg\" \/>\n<meta name=\"twitter:card\" content=\"summary_large_image\" \/>\n<meta name=\"twitter:label1\" content=\"Gesch\u00e4tzte Lesezeit\" \/>\n\t<meta name=\"twitter:data1\" content=\"1\u00a0Minute\" \/>\n<script type=\"application\/ld+json\" class=\"yoast-schema-graph\">{\"@context\":\"https:\/\/schema.org\",\"@graph\":[{\"@type\":\"WebPage\",\"@id\":\"https:\/\/www.vemastamp.it\/de\/nachhaltigkeit\/\",\"url\":\"https:\/\/www.vemastamp.it\/de\/nachhaltigkeit\/\",\"name\":\"Nachhaltigkeit - Progettazione e costruzione stampi e stampaggio | Vema - San Stino di Livenza (VE) Italia\",\"isPartOf\":{\"@id\":\"https:\/\/www.vemastamp.it\/de\/#website\"},\"primaryImageOfPage\":{\"@id\":\"https:\/\/www.vemastamp.it\/de\/nachhaltigkeit\/#primaryimage\"},\"image\":{\"@id\":\"https:\/\/www.vemastamp.it\/de\/nachhaltigkeit\/#primaryimage\"},\"thumbnailUrl\":\"https:\/\/www.vemastamp.it\/wp-content\/uploads\/2024\/10\/sostenibilita-01.jpg\",\"datePublished\":\"2024-10-07T09:01:31+00:00\",\"dateModified\":\"2024-10-18T11:41:17+00:00\",\"breadcrumb\":{\"@id\":\"https:\/\/www.vemastamp.it\/de\/nachhaltigkeit\/#breadcrumb\"},\"inLanguage\":\"de\",\"potentialAction\":[{\"@type\":\"ReadAction\",\"target\":[\"https:\/\/www.vemastamp.it\/de\/nachhaltigkeit\/\"]}]},{\"@type\":\"ImageObject\",\"inLanguage\":\"de\",\"@id\":\"https:\/\/www.vemastamp.it\/de\/nachhaltigkeit\/#primaryimage\",\"url\":\"https:\/\/www.vemastamp.it\/wp-content\/uploads\/2024\/10\/sostenibilita-01.jpg\",\"contentUrl\":\"https:\/\/www.vemastamp.it\/wp-content\/uploads\/2024\/10\/sostenibilita-01.jpg\"},{\"@type\":\"BreadcrumbList\",\"@id\":\"https:\/\/www.vemastamp.it\/de\/nachhaltigkeit\/#breadcrumb\",\"itemListElement\":[{\"@type\":\"ListItem\",\"position\":1,\"name\":\"Home\",\"item\":\"https:\/\/www.vemastamp.it\/de\/\"},{\"@type\":\"ListItem\",\"position\":2,\"name\":\"Nachhaltigkeit\"}]},{\"@type\":\"WebSite\",\"@id\":\"https:\/\/www.vemastamp.it\/de\/#website\",\"url\":\"https:\/\/www.vemastamp.it\/de\/\",\"name\":\"Vema Stamp - Progettazione e costruzione stampi e stampaggio | Vema - San Stino di Livenza (VE) Italia\",\"description\":\"Esperienza e competenza del proprio staff nel settore della costruzione di stampi, a passo, transferizzati, a blocco e dello stampaggio di lamiere a freddo\",\"publisher\":{\"@id\":\"https:\/\/www.vemastamp.it\/de\/#organization\"},\"potentialAction\":[{\"@type\":\"SearchAction\",\"target\":{\"@type\":\"EntryPoint\",\"urlTemplate\":\"https:\/\/www.vemastamp.it\/de\/?s={search_term_string}\"},\"query-input\":{\"@type\":\"PropertyValueSpecification\",\"valueRequired\":true,\"valueName\":\"search_term_string\"}}],\"inLanguage\":\"de\"},{\"@type\":\"Organization\",\"@id\":\"https:\/\/www.vemastamp.it\/de\/#organization\",\"name\":\"Vema Stamp - Progettazione e costruzione stampi e stampaggio | Vema - San Stino di Livenza (VE) Italia\",\"url\":\"https:\/\/www.vemastamp.it\/de\/\",\"logo\":{\"@type\":\"ImageObject\",\"inLanguage\":\"de\",\"@id\":\"https:\/\/www.vemastamp.it\/de\/#\/schema\/logo\/image\/\",\"url\":\"https:\/\/www.vemastamp.it\/wp-content\/uploads\/2024\/10\/vemastamp-logo-chiaro.jpg\",\"contentUrl\":\"https:\/\/www.vemastamp.it\/wp-content\/uploads\/2024\/10\/vemastamp-logo-chiaro.jpg\",\"width\":500,\"height\":226,\"caption\":\"Vema Stamp - Progettazione e costruzione stampi e stampaggio | Vema - San Stino di Livenza (VE) Italia\"},\"image\":{\"@id\":\"https:\/\/www.vemastamp.it\/de\/#\/schema\/logo\/image\/\"}}]}<\/script>\n<!-- \/ Yoast SEO plugin. -->","yoast_head_json":{"title":"Nachhaltigkeit - Progettazione e costruzione stampi e stampaggio | Vema - San Stino di Livenza (VE) Italia","robots":{"index":"index","follow":"follow","max-snippet":"max-snippet:-1","max-image-preview":"max-image-preview:large","max-video-preview":"max-video-preview:-1"},"canonical":"https:\/\/www.vemastamp.it\/de\/nachhaltigkeit\/","og_locale":"de_DE","og_type":"article","og_title":"Nachhaltigkeit - Progettazione e costruzione stampi e stampaggio | Vema - San Stino di Livenza (VE) Italia","og_description":"nachhaltigkeit Eine nachhaltige Zukunft f\u00fcr das verarbeitende Gewerbe Bei VEMAist Nachhaltigkeit nicht nur eine Entscheidung, sondern eine Verantwortung f\u00fcr die Zukunft. Wir bem\u00fchen uns tagt\u00e4glich, die Umweltauswirkungen unserer T\u00e4tigkeit zu verringern, indem wir modernste Verfahren und Technologien einsetzen, um eine effiziente und umweltfreundliche Produktion zu gew\u00e4hrleisten. Wir glauben, dass Innovation in der Produktion Hand in...","og_url":"https:\/\/www.vemastamp.it\/de\/nachhaltigkeit\/","og_site_name":"Progettazione e costruzione stampi e stampaggio | Vema - San Stino di Livenza (VE) Italia","article_modified_time":"2024-10-18T11:41:17+00:00","og_image":[{"width":1000,"height":627,"url":"https:\/\/www.vemastamp.it\/wp-content\/uploads\/2024\/10\/sostenibilita-01.jpg","type":"image\/jpeg"}],"twitter_card":"summary_large_image","twitter_misc":{"Gesch\u00e4tzte Lesezeit":"1\u00a0Minute"},"schema":{"@context":"https:\/\/schema.org","@graph":[{"@type":"WebPage","@id":"https:\/\/www.vemastamp.it\/de\/nachhaltigkeit\/","url":"https:\/\/www.vemastamp.it\/de\/nachhaltigkeit\/","name":"Nachhaltigkeit - Progettazione e costruzione stampi e stampaggio | Vema - San Stino di Livenza (VE) Italia","isPartOf":{"@id":"https:\/\/www.vemastamp.it\/de\/#website"},"primaryImageOfPage":{"@id":"https:\/\/www.vemastamp.it\/de\/nachhaltigkeit\/#primaryimage"},"image":{"@id":"https:\/\/www.vemastamp.it\/de\/nachhaltigkeit\/#primaryimage"},"thumbnailUrl":"https:\/\/www.vemastamp.it\/wp-content\/uploads\/2024\/10\/sostenibilita-01.jpg","datePublished":"2024-10-07T09:01:31+00:00","dateModified":"2024-10-18T11:41:17+00:00","breadcrumb":{"@id":"https:\/\/www.vemastamp.it\/de\/nachhaltigkeit\/#breadcrumb"},"inLanguage":"de","potentialAction":[{"@type":"ReadAction","target":["https:\/\/www.vemastamp.it\/de\/nachhaltigkeit\/"]}]},{"@type":"ImageObject","inLanguage":"de","@id":"https:\/\/www.vemastamp.it\/de\/nachhaltigkeit\/#primaryimage","url":"https:\/\/www.vemastamp.it\/wp-content\/uploads\/2024\/10\/sostenibilita-01.jpg","contentUrl":"https:\/\/www.vemastamp.it\/wp-content\/uploads\/2024\/10\/sostenibilita-01.jpg"},{"@type":"BreadcrumbList","@id":"https:\/\/www.vemastamp.it\/de\/nachhaltigkeit\/#breadcrumb","itemListElement":[{"@type":"ListItem","position":1,"name":"Home","item":"https:\/\/www.vemastamp.it\/de\/"},{"@type":"ListItem","position":2,"name":"Nachhaltigkeit"}]},{"@type":"WebSite","@id":"https:\/\/www.vemastamp.it\/de\/#website","url":"https:\/\/www.vemastamp.it\/de\/","name":"Vema Stamp - Progettazione e costruzione stampi e stampaggio | Vema - San Stino di Livenza (VE) Italia","description":"Esperienza e competenza del proprio staff nel settore della costruzione di stampi, a passo, transferizzati, a blocco e dello stampaggio di lamiere a freddo","publisher":{"@id":"https:\/\/www.vemastamp.it\/de\/#organization"},"potentialAction":[{"@type":"SearchAction","target":{"@type":"EntryPoint","urlTemplate":"https:\/\/www.vemastamp.it\/de\/?s={search_term_string}"},"query-input":{"@type":"PropertyValueSpecification","valueRequired":true,"valueName":"search_term_string"}}],"inLanguage":"de"},{"@type":"Organization","@id":"https:\/\/www.vemastamp.it\/de\/#organization","name":"Vema Stamp - Progettazione e costruzione stampi e stampaggio | Vema - San Stino di Livenza (VE) Italia","url":"https:\/\/www.vemastamp.it\/de\/","logo":{"@type":"ImageObject","inLanguage":"de","@id":"https:\/\/www.vemastamp.it\/de\/#\/schema\/logo\/image\/","url":"https:\/\/www.vemastamp.it\/wp-content\/uploads\/2024\/10\/vemastamp-logo-chiaro.jpg","contentUrl":"https:\/\/www.vemastamp.it\/wp-content\/uploads\/2024\/10\/vemastamp-logo-chiaro.jpg","width":500,"height":226,"caption":"Vema Stamp - Progettazione e costruzione stampi e stampaggio | Vema - San Stino di Livenza (VE) Italia"},"image":{"@id":"https:\/\/www.vemastamp.it\/de\/#\/schema\/logo\/image\/"}}]}},"_links":{"self":[{"href":"https:\/\/www.vemastamp.it\/de\/wp-json\/wp\/v2\/pages\/2624","targetHints":{"allow":["GET"]}}],"collection":[{"href":"https:\/\/www.vemastamp.it\/de\/wp-json\/wp\/v2\/pages"}],"about":[{"href":"https:\/\/www.vemastamp.it\/de\/wp-json\/wp\/v2\/types\/page"}],"author":[{"embeddable":true,"href":"https:\/\/www.vemastamp.it\/de\/wp-json\/wp\/v2\/users\/5"}],"replies":[{"embeddable":true,"href":"https:\/\/www.vemastamp.it\/de\/wp-json\/wp\/v2\/comments?post=2624"}],"version-history":[{"count":1,"href":"https:\/\/www.vemastamp.it\/de\/wp-json\/wp\/v2\/pages\/2624\/revisions"}],"predecessor-version":[{"id":2625,"href":"https:\/\/www.vemastamp.it\/de\/wp-json\/wp\/v2\/pages\/2624\/revisions\/2625"}],"wp:attachment":[{"href":"https:\/\/www.vemastamp.it\/de\/wp-json\/wp\/v2\/media?parent=2624"}],"curies":[{"name":"wp","href":"https:\/\/api.w.org\/{rel}","templated":true}]}}