{"id":2778,"date":"2024-10-22T17:41:24","date_gmt":"2024-10-22T15:41:24","guid":{"rendered":"https:\/\/www.vemastamp.it\/erdf-por-2014-2020\/"},"modified":"2024-10-23T09:31:29","modified_gmt":"2024-10-23T07:31:29","slug":"erdf-por-2014-2020","status":"publish","type":"page","link":"https:\/\/www.vemastamp.it\/de\/erdf-por-2014-2020\/","title":{"rendered":"ERDF POR 2014-2020"},"content":{"rendered":"\t\t<div data-elementor-type=\"wp-page\" data-elementor-id=\"2778\" class=\"elementor elementor-2778 elementor-2757\" data-elementor-settings=\"{&quot;ha_cmc_init_switcher&quot;:&quot;no&quot;}\" data-elementor-post-type=\"page\">\n\t\t\t\t<div class=\"elementor-element elementor-element-5f65e84 e-flex e-con-boxed e-con e-parent\" data-id=\"5f65e84\" data-element_type=\"container\" data-settings=\"{&quot;_ha_eqh_enable&quot;:false}\">\n\t\t\t\t\t<div class=\"e-con-inner\">\n\t\t\t\t<div class=\"elementor-element elementor-element-9a1dc39 elementor-widget elementor-widget-heading\" data-id=\"9a1dc39\" data-element_type=\"widget\" data-widget_type=\"heading.default\">\n\t\t\t\t<div class=\"elementor-widget-container\">\n\t\t\t\t\t<h1 class=\"elementor-heading-title elementor-size-default\">Effizienz der Produktionsabl\u00e4ufe<\/h1>\t\t\t\t<\/div>\n\t\t\t\t<\/div>\n\t\t\t\t<div class=\"elementor-element elementor-element-259b48e elementor-widget elementor-widget-heading\" data-id=\"259b48e\" data-element_type=\"widget\" data-widget_type=\"heading.default\">\n\t\t\t\t<div class=\"elementor-widget-container\">\n\t\t\t\t\t<h2 class=\"elementor-heading-title elementor-size-default\">POR FESR 2014-2020 Aktion 1.1.2 - \"Unterst\u00fctzung f\u00fcr den Kauf von Dienstleistungen f\u00fcr die technologische, strategische, organisatorische und kommerzielle Innovation von Unternehmen\".<\/h2>\t\t\t\t<\/div>\n\t\t\t\t<\/div>\n\t\t\t\t<div class=\"elementor-element elementor-element-3c7339a elementor-widget elementor-widget-text-editor\" data-id=\"3c7339a\" data-element_type=\"widget\" data-widget_type=\"text-editor.default\">\n\t\t\t\t<div class=\"elementor-widget-container\">\n\t\t\t\t\t\t\t\t\t<p>Projektname: <strong>EFFIZIENZ DER PRODUKTIONSFL\u00dcSSE BEI VEMA S.r.l.<\/strong><\/p>\n<p>VEMA STAMP SRL erkannte die Notwendigkeit, von hochkompetenten Fachleuten unterst\u00fctzt zu werden, die das Unternehmen bei der korrekten Verwaltung der Produktionsabl\u00e4ufe nach der Einf\u00fchrung des neuen Managementsystems unterst\u00fctzen k\u00f6nnen. Das Projekt erm\u00f6glicht die Aktivierung eines Beratungsdienstes, der darauf abzielt, die bestehenden Prozesse zu analysieren, Ineffizienzen zu identifizieren und Verbesserungsm\u00f6glichkeiten aufzuzeigen, Leistungs- und \u00dcberwachungsindikatoren zu entwerfen und zu entwickeln sowie die korrekte und rationelle Verwaltung von Auftr\u00e4gen zu gew\u00e4hrleisten, angefangen vom Stammsatz bis hin zur Endabrechnung der Produktion. <\/p>\n<p>Das Projekt verhalf dem Unternehmen zu einer vollst\u00e4ndigen und detaillierten Analyse der Maschineneffizienzdaten, um die Produktivit\u00e4t zu kontrollieren und Verbesserungsma\u00dfnahmen zu planen.<\/p>\n<p>Dieses Projekt zur Prozessinnovation hat sich positiv auf das Unternehmen ausgewirkt, da die folgenden Ziele und Ergebnisse vollst\u00e4ndig erreicht wurden<\/p>\n<p>&#8211; Beschleunigung des Datenaustauschs zwischen den verschiedenen Abteilungen des Unternehmens &#8211; Reduzierung von Fehlern und Ineffizienzen &#8211; Abbildung aller Prozesse mit Echtzeit-Identifizierung von Verlusten, um umgehend mit den notwendigen Korrekturen reagieren zu k\u00f6nnen &#8211; genaue Identifizierung von Wartungs-, Werkzeug- und Produktionskosten &#8211; Formalisierung interner Verfahren, um allen beteiligten Ressourcen das Prozessmanagement zu verdeutlichen &#8211; Festlegung eines Verbesserungsplans f\u00fcr die kontinuierliche Rationalisierung der Auftragsmanagementprozesse<\/p>\n<p>Dank der Unterst\u00fctzung der Region Venetien, die im Rahmen des Fonds POR FESR 2014-2020 dieses Projekt mit einem Beitrag von 8.736,00 \u20ac f\u00f6rdern konnte, kam VEMA SRL in den Genuss einer finanziellen Unterst\u00fctzung, die es erm\u00f6glichte, die Projektziele schnell zu erreichen.<\/p>\n\t\t\t\t\t\t\t\t<\/div>\n\t\t\t\t<\/div>\n\t\t\t\t\t<\/div>\n\t\t\t\t<\/div>\n\t\t\t\t<\/div>\n\t\t","protected":false},"excerpt":{"rendered":"<p>Effizienz der Produktionsabl\u00e4ufe POR FESR 2014-2020 Aktion 1.1.2 &#8211; &#8222;Unterst\u00fctzung f\u00fcr den Kauf von Dienstleistungen f\u00fcr die technologische, strategische, organisatorische und kommerzielle Innovation von Unternehmen&#8220;. Projektname: EFFIZIENZ DER PRODUKTIONSFL\u00dcSSE BEI VEMA S.r.l. VEMA STAMP SRL erkannte die Notwendigkeit, von hochkompetenten Fachleuten unterst\u00fctzt zu werden, die das Unternehmen bei der korrekten Verwaltung der Produktionsabl\u00e4ufe nach der&#8230;<\/p>\n","protected":false},"author":5,"featured_media":0,"parent":0,"menu_order":0,"comment_status":"closed","ping_status":"closed","template":"","meta":{"footnotes":""},"class_list":["post-2778","page","type-page","status-publish","hentry"],"yoast_head":"<!-- This site is optimized with the Yoast SEO plugin v26.0 - https:\/\/yoast.com\/wordpress\/plugins\/seo\/ -->\n<title>ERDF POR 2014-2020 - Progettazione e costruzione stampi e stampaggio | Vema - San Stino di Livenza (VE) Italia<\/title>\n<meta name=\"robots\" content=\"index, follow, max-snippet:-1, max-image-preview:large, max-video-preview:-1\" \/>\n<link rel=\"canonical\" href=\"https:\/\/www.vemastamp.it\/de\/erdf-por-2014-2020\/\" \/>\n<meta property=\"og:locale\" content=\"de_DE\" \/>\n<meta property=\"og:type\" content=\"article\" \/>\n<meta property=\"og:title\" content=\"ERDF POR 2014-2020 - Progettazione e costruzione stampi e stampaggio | Vema - San Stino di Livenza (VE) Italia\" \/>\n<meta property=\"og:description\" content=\"Effizienz der Produktionsabl\u00e4ufe POR FESR 2014-2020 Aktion 1.1.2 &#8211; &#8222;Unterst\u00fctzung f\u00fcr den Kauf von Dienstleistungen f\u00fcr die technologische, strategische, organisatorische und kommerzielle Innovation von Unternehmen&#8220;. Projektname: EFFIZIENZ DER PRODUKTIONSFL\u00dcSSE BEI VEMA S.r.l. VEMA STAMP SRL erkannte die Notwendigkeit, von hochkompetenten Fachleuten unterst\u00fctzt zu werden, die das Unternehmen bei der korrekten Verwaltung der Produktionsabl\u00e4ufe nach der...\" \/>\n<meta property=\"og:url\" content=\"https:\/\/www.vemastamp.it\/de\/erdf-por-2014-2020\/\" \/>\n<meta property=\"og:site_name\" content=\"Progettazione e costruzione stampi e stampaggio | Vema - San Stino di Livenza (VE) Italia\" \/>\n<meta property=\"article:modified_time\" content=\"2024-10-23T07:31:29+00:00\" \/>\n<meta name=\"twitter:card\" content=\"summary_large_image\" \/>\n<meta name=\"twitter:label1\" content=\"Gesch\u00e4tzte Lesezeit\" \/>\n\t<meta name=\"twitter:data1\" content=\"1\u00a0Minute\" \/>\n<script type=\"application\/ld+json\" class=\"yoast-schema-graph\">{\"@context\":\"https:\/\/schema.org\",\"@graph\":[{\"@type\":\"WebPage\",\"@id\":\"https:\/\/www.vemastamp.it\/de\/erdf-por-2014-2020\/\",\"url\":\"https:\/\/www.vemastamp.it\/de\/erdf-por-2014-2020\/\",\"name\":\"ERDF POR 2014-2020 - Progettazione e costruzione stampi e stampaggio | Vema - San Stino di Livenza (VE) Italia\",\"isPartOf\":{\"@id\":\"https:\/\/www.vemastamp.it\/de\/#website\"},\"datePublished\":\"2024-10-22T15:41:24+00:00\",\"dateModified\":\"2024-10-23T07:31:29+00:00\",\"breadcrumb\":{\"@id\":\"https:\/\/www.vemastamp.it\/de\/erdf-por-2014-2020\/#breadcrumb\"},\"inLanguage\":\"de\",\"potentialAction\":[{\"@type\":\"ReadAction\",\"target\":[\"https:\/\/www.vemastamp.it\/de\/erdf-por-2014-2020\/\"]}]},{\"@type\":\"BreadcrumbList\",\"@id\":\"https:\/\/www.vemastamp.it\/de\/erdf-por-2014-2020\/#breadcrumb\",\"itemListElement\":[{\"@type\":\"ListItem\",\"position\":1,\"name\":\"Home\",\"item\":\"https:\/\/www.vemastamp.it\/de\/\"},{\"@type\":\"ListItem\",\"position\":2,\"name\":\"ERDF POR 2014-2020\"}]},{\"@type\":\"WebSite\",\"@id\":\"https:\/\/www.vemastamp.it\/de\/#website\",\"url\":\"https:\/\/www.vemastamp.it\/de\/\",\"name\":\"Vema Stamp - Progettazione e costruzione stampi e stampaggio | Vema - San Stino di Livenza (VE) Italia\",\"description\":\"Esperienza e competenza del proprio staff nel settore della costruzione di stampi, a passo, transferizzati, a blocco e dello stampaggio di lamiere a freddo\",\"publisher\":{\"@id\":\"https:\/\/www.vemastamp.it\/de\/#organization\"},\"potentialAction\":[{\"@type\":\"SearchAction\",\"target\":{\"@type\":\"EntryPoint\",\"urlTemplate\":\"https:\/\/www.vemastamp.it\/de\/?s={search_term_string}\"},\"query-input\":{\"@type\":\"PropertyValueSpecification\",\"valueRequired\":true,\"valueName\":\"search_term_string\"}}],\"inLanguage\":\"de\"},{\"@type\":\"Organization\",\"@id\":\"https:\/\/www.vemastamp.it\/de\/#organization\",\"name\":\"Vema Stamp - Progettazione e costruzione stampi e stampaggio | Vema - San Stino di Livenza (VE) Italia\",\"url\":\"https:\/\/www.vemastamp.it\/de\/\",\"logo\":{\"@type\":\"ImageObject\",\"inLanguage\":\"de\",\"@id\":\"https:\/\/www.vemastamp.it\/de\/#\/schema\/logo\/image\/\",\"url\":\"https:\/\/www.vemastamp.it\/wp-content\/uploads\/2024\/10\/vemastamp-logo-chiaro.jpg\",\"contentUrl\":\"https:\/\/www.vemastamp.it\/wp-content\/uploads\/2024\/10\/vemastamp-logo-chiaro.jpg\",\"width\":500,\"height\":226,\"caption\":\"Vema Stamp - Progettazione e costruzione stampi e stampaggio | Vema - San Stino di Livenza (VE) Italia\"},\"image\":{\"@id\":\"https:\/\/www.vemastamp.it\/de\/#\/schema\/logo\/image\/\"}}]}<\/script>\n<!-- \/ Yoast SEO plugin. -->","yoast_head_json":{"title":"ERDF POR 2014-2020 - Progettazione e costruzione stampi e stampaggio | Vema - San Stino di Livenza (VE) Italia","robots":{"index":"index","follow":"follow","max-snippet":"max-snippet:-1","max-image-preview":"max-image-preview:large","max-video-preview":"max-video-preview:-1"},"canonical":"https:\/\/www.vemastamp.it\/de\/erdf-por-2014-2020\/","og_locale":"de_DE","og_type":"article","og_title":"ERDF POR 2014-2020 - Progettazione e costruzione stampi e stampaggio | Vema - San Stino di Livenza (VE) Italia","og_description":"Effizienz der Produktionsabl\u00e4ufe POR FESR 2014-2020 Aktion 1.1.2 &#8211; &#8222;Unterst\u00fctzung f\u00fcr den Kauf von Dienstleistungen f\u00fcr die technologische, strategische, organisatorische und kommerzielle Innovation von Unternehmen&#8220;. Projektname: EFFIZIENZ DER PRODUKTIONSFL\u00dcSSE BEI VEMA S.r.l. VEMA STAMP SRL erkannte die Notwendigkeit, von hochkompetenten Fachleuten unterst\u00fctzt zu werden, die das Unternehmen bei der korrekten Verwaltung der Produktionsabl\u00e4ufe nach der...","og_url":"https:\/\/www.vemastamp.it\/de\/erdf-por-2014-2020\/","og_site_name":"Progettazione e costruzione stampi e stampaggio | Vema - San Stino di Livenza (VE) Italia","article_modified_time":"2024-10-23T07:31:29+00:00","twitter_card":"summary_large_image","twitter_misc":{"Gesch\u00e4tzte Lesezeit":"1\u00a0Minute"},"schema":{"@context":"https:\/\/schema.org","@graph":[{"@type":"WebPage","@id":"https:\/\/www.vemastamp.it\/de\/erdf-por-2014-2020\/","url":"https:\/\/www.vemastamp.it\/de\/erdf-por-2014-2020\/","name":"ERDF POR 2014-2020 - Progettazione e costruzione stampi e stampaggio | Vema - San Stino di Livenza (VE) Italia","isPartOf":{"@id":"https:\/\/www.vemastamp.it\/de\/#website"},"datePublished":"2024-10-22T15:41:24+00:00","dateModified":"2024-10-23T07:31:29+00:00","breadcrumb":{"@id":"https:\/\/www.vemastamp.it\/de\/erdf-por-2014-2020\/#breadcrumb"},"inLanguage":"de","potentialAction":[{"@type":"ReadAction","target":["https:\/\/www.vemastamp.it\/de\/erdf-por-2014-2020\/"]}]},{"@type":"BreadcrumbList","@id":"https:\/\/www.vemastamp.it\/de\/erdf-por-2014-2020\/#breadcrumb","itemListElement":[{"@type":"ListItem","position":1,"name":"Home","item":"https:\/\/www.vemastamp.it\/de\/"},{"@type":"ListItem","position":2,"name":"ERDF POR 2014-2020"}]},{"@type":"WebSite","@id":"https:\/\/www.vemastamp.it\/de\/#website","url":"https:\/\/www.vemastamp.it\/de\/","name":"Vema Stamp - Progettazione e costruzione stampi e stampaggio | Vema - San Stino di Livenza (VE) Italia","description":"Esperienza e competenza del proprio staff nel settore della costruzione di stampi, a passo, transferizzati, a blocco e dello stampaggio di lamiere a freddo","publisher":{"@id":"https:\/\/www.vemastamp.it\/de\/#organization"},"potentialAction":[{"@type":"SearchAction","target":{"@type":"EntryPoint","urlTemplate":"https:\/\/www.vemastamp.it\/de\/?s={search_term_string}"},"query-input":{"@type":"PropertyValueSpecification","valueRequired":true,"valueName":"search_term_string"}}],"inLanguage":"de"},{"@type":"Organization","@id":"https:\/\/www.vemastamp.it\/de\/#organization","name":"Vema Stamp - Progettazione e costruzione stampi e stampaggio | Vema - San Stino di Livenza (VE) Italia","url":"https:\/\/www.vemastamp.it\/de\/","logo":{"@type":"ImageObject","inLanguage":"de","@id":"https:\/\/www.vemastamp.it\/de\/#\/schema\/logo\/image\/","url":"https:\/\/www.vemastamp.it\/wp-content\/uploads\/2024\/10\/vemastamp-logo-chiaro.jpg","contentUrl":"https:\/\/www.vemastamp.it\/wp-content\/uploads\/2024\/10\/vemastamp-logo-chiaro.jpg","width":500,"height":226,"caption":"Vema Stamp - Progettazione e costruzione stampi e stampaggio | Vema - San Stino di Livenza (VE) Italia"},"image":{"@id":"https:\/\/www.vemastamp.it\/de\/#\/schema\/logo\/image\/"}}]}},"_links":{"self":[{"href":"https:\/\/www.vemastamp.it\/de\/wp-json\/wp\/v2\/pages\/2778","targetHints":{"allow":["GET"]}}],"collection":[{"href":"https:\/\/www.vemastamp.it\/de\/wp-json\/wp\/v2\/pages"}],"about":[{"href":"https:\/\/www.vemastamp.it\/de\/wp-json\/wp\/v2\/types\/page"}],"author":[{"embeddable":true,"href":"https:\/\/www.vemastamp.it\/de\/wp-json\/wp\/v2\/users\/5"}],"replies":[{"embeddable":true,"href":"https:\/\/www.vemastamp.it\/de\/wp-json\/wp\/v2\/comments?post=2778"}],"version-history":[{"count":1,"href":"https:\/\/www.vemastamp.it\/de\/wp-json\/wp\/v2\/pages\/2778\/revisions"}],"predecessor-version":[{"id":2779,"href":"https:\/\/www.vemastamp.it\/de\/wp-json\/wp\/v2\/pages\/2778\/revisions\/2779"}],"wp:attachment":[{"href":"https:\/\/www.vemastamp.it\/de\/wp-json\/wp\/v2\/media?parent=2778"}],"curies":[{"name":"wp","href":"https:\/\/api.w.org\/{rel}","templated":true}]}}